{"id":163,"date":"2022-08-07T09:00:28","date_gmt":"2022-08-07T09:00:28","guid":{"rendered":"https:\/\/naseva.com\/wp\/?page_id=163"},"modified":"2026-05-02T11:09:14","modified_gmt":"2026-05-02T11:09:14","slug":"ajankohtaista-naseva","status":"publish","type":"page","link":"https:\/\/naseva.com\/wp\/","title":{"rendered":"Ajankohtaista"},"content":{"rendered":"\n<h2 class=\"wp-block-heading\">Kuukauden kuva: Jari Hakala<\/h2>\n\n\n\n<figure class=\"wp-block-image size-large\"><img loading=\"lazy\" decoding=\"async\" width=\"1024\" height=\"665\" src=\"https:\/\/naseva.com\/wp\/wp-content\/uploads\/2026\/05\/Vitriini-171-\u00a9-2025-Jari-Hakala-All-Rights-Reserved-250723-0605-1024x665.jpg\" alt=\"\" class=\"wp-image-4923\" srcset=\"https:\/\/naseva.com\/wp\/wp-content\/uploads\/2026\/05\/Vitriini-171-\u00a9-2025-Jari-Hakala-All-Rights-Reserved-250723-0605-1024x665.jpg 1024w, https:\/\/naseva.com\/wp\/wp-content\/uploads\/2026\/05\/Vitriini-171-\u00a9-2025-Jari-Hakala-All-Rights-Reserved-250723-0605-1536x997.jpg 1536w, https:\/\/naseva.com\/wp\/wp-content\/uploads\/2026\/05\/Vitriini-171-\u00a9-2025-Jari-Hakala-All-Rights-Reserved-250723-0605-600x389.jpg 600w, https:\/\/naseva.com\/wp\/wp-content\/uploads\/2026\/05\/Vitriini-171-\u00a9-2025-Jari-Hakala-All-Rights-Reserved-250723-0605-768x498.jpg 768w, https:\/\/naseva.com\/wp\/wp-content\/uploads\/2026\/05\/Vitriini-171-\u00a9-2025-Jari-Hakala-All-Rights-Reserved-250723-0605.jpg 2000w\" sizes=\"auto, (max-width: 1024px) 100vw, 1024px\" \/><\/figure>\n\n\n\n<p>Lis\u00e4\u00e4 kuvia NaSeVa:n vitriiniss\u00e4 Naantalin kirjaston sis\u00e4\u00e4nk\u00e4ynnin vieress\u00e4<\/p>\n\n\n\n<h2 class=\"wp-block-heading\">J\u00e4senilta toukokuussa<\/h2>\n\n\n\n<p>Toukokuun j\u00e4senillassa&nbsp;5.5. klo 18 J\u00e4rjest\u00f6talolla aiheina ovat <strong>valokuvakilpailun parhaiden palkitseminen<\/strong>, sek\u00e4 <strong>Timo Kariston Afrikka-matkakuvat<\/strong>.<\/p>\n\n\n\n<h3 class=\"wp-block-heading\">Kuukauden kuvausaiheet<\/h3>\n\n\n\n<p>Toukokuu &#8211; Katu\/Tie<br>Kes\u00e4kuu &#8211; Auringossa<br>Hein\u00e4kuu &#8211; Kaksi\/Pari<br>Elokuu &#8211; Varjo<br>Syyskuu &#8211; Romu<br>Lokakuu &#8211; R\u00e4nsistynyt<br>Marraskuu &#8211; Pitk\u00e4 valotusaika<br>Joulukuu &#8211; Loiste<\/p>\n\n\n\n<h3 class=\"wp-block-heading\">NaSeVan toimintaa<\/h3>\n\n\n\n<div class=\"wp-block-columns is-layout-flex wp-container-core-columns-is-layout-9d6595d7 wp-block-columns-is-layout-flex\">\n<div class=\"wp-block-column is-layout-flow wp-block-column-is-layout-flow\" style=\"flex-basis:100%\">\n<div class=\"wp-block-group\"><div class=\"wp-block-group__inner-container is-layout-flow wp-block-group-is-layout-flow\">\n<div class=\"wp-block-group\"><div class=\"wp-block-group__inner-container is-layout-flow wp-block-group-is-layout-flow\"><ul class=\"wp-block-latest-posts__list is-grid columns-3 wp-block-latest-posts\"><li><a class=\"wp-block-latest-posts__post-title\" href=\"https:\/\/naseva.com\/wp\/2026\/04\/23\/icm-ja-monivalotuskurssi-2026\/\">ICM- ja monivalotuskurssi 2026<\/a><div class=\"wp-block-latest-posts__post-full-content\"><!-- wp:paragraph -->\n<p>Kahdeksan\u00a0nasevalaista osallistui huhtikuussa 2026 ammattivalokuvaaja, valokuvataiteilija Jaana Kotam\u00e4en pit\u00e4m\u00e4lle ICM- ja monivalotuskurssille. Kurssi koostui teoriaillasta, kuvausp\u00e4iv\u00e4st\u00e4 Ruissalossa ja sen j\u00e4lkeen palauteillasta.<\/p>\n<!-- \/wp:paragraph -->\n\n<!-- wp:image {\"id\":4892,\"sizeSlug\":\"large\",\"linkDestination\":\"none\"} -->\n<figure class=\"wp-block-image size-large\"><img loading=\"lazy\" decoding=\"async\" width=\"1024\" height=\"646\" src=\"https:\/\/naseva.com\/wp\/wp-content\/uploads\/2026\/04\/DSC05966-1024x646.jpg\" alt=\"\" class=\"wp-image-4892\" srcset=\"https:\/\/naseva.com\/wp\/wp-content\/uploads\/2026\/04\/DSC05966-1024x646.jpg 1024w, https:\/\/naseva.com\/wp\/wp-content\/uploads\/2026\/04\/DSC05966-1536x969.jpg 1536w, https:\/\/naseva.com\/wp\/wp-content\/uploads\/2026\/04\/DSC05966-600x379.jpg 600w, https:\/\/naseva.com\/wp\/wp-content\/uploads\/2026\/04\/DSC05966-768x485.jpg 768w, https:\/\/naseva.com\/wp\/wp-content\/uploads\/2026\/04\/DSC05966.jpg 2000w\" sizes=\"auto, (max-width: 1024px) 100vw, 1024px\" \/><\/figure>\n<!-- \/wp:image -->\n\n<!-- wp:image {\"id\":4894,\"sizeSlug\":\"large\",\"linkDestination\":\"none\"} -->\n<figure class=\"wp-block-image size-large\"><img loading=\"lazy\" decoding=\"async\" width=\"1024\" height=\"696\" src=\"https:\/\/naseva.com\/wp\/wp-content\/uploads\/2026\/04\/DSC06009-1024x696.jpg\" alt=\"\" class=\"wp-image-4894\" srcset=\"https:\/\/naseva.com\/wp\/wp-content\/uploads\/2026\/04\/DSC06009-1024x696.jpg 1024w, https:\/\/naseva.com\/wp\/wp-content\/uploads\/2026\/04\/DSC06009-1536x1044.jpg 1536w, https:\/\/naseva.com\/wp\/wp-content\/uploads\/2026\/04\/DSC06009-600x408.jpg 600w, https:\/\/naseva.com\/wp\/wp-content\/uploads\/2026\/04\/DSC06009-768x522.jpg 768w, https:\/\/naseva.com\/wp\/wp-content\/uploads\/2026\/04\/DSC06009.jpg 2000w\" sizes=\"auto, (max-width: 1024px) 100vw, 1024px\" \/><\/figure>\n<!-- \/wp:image -->\n\n<!-- wp:image {\"id\":4893,\"sizeSlug\":\"large\",\"linkDestination\":\"none\"} -->\n<figure class=\"wp-block-image size-large\"><img loading=\"lazy\" decoding=\"async\" width=\"1024\" height=\"803\" src=\"https:\/\/naseva.com\/wp\/wp-content\/uploads\/2026\/04\/DSC06006-1024x803.jpg\" alt=\"\" class=\"wp-image-4893\" srcset=\"https:\/\/naseva.com\/wp\/wp-content\/uploads\/2026\/04\/DSC06006-1024x803.jpg 1024w, https:\/\/naseva.com\/wp\/wp-content\/uploads\/2026\/04\/DSC06006-1536x1205.jpg 1536w, https:\/\/naseva.com\/wp\/wp-content\/uploads\/2026\/04\/DSC06006-600x471.jpg 600w, https:\/\/naseva.com\/wp\/wp-content\/uploads\/2026\/04\/DSC06006-768x602.jpg 768w, https:\/\/naseva.com\/wp\/wp-content\/uploads\/2026\/04\/DSC06006.jpg 2000w\" sizes=\"auto, (max-width: 1024px) 100vw, 1024px\" \/><figcaption class=\"wp-element-caption\">Kuvat: Ky\u00f6sti Pitk\u00e4nen<\/figcaption><\/figure>\n<!-- \/wp:image -->\n\n<!-- wp:paragraph -->\n<p><strong>    <div class=\"sgwf_come2theweb\" >\n        <div class=\"sgwf_come2thewe_cnt itemwith_col3 \" data-nop=\"10\">\n            \n            <div class=\"loading\"><\/div>\n            <div class=\"sgwf_gallery_items\">\n                                <div class=\"sgwf_c2tw_item all 4877 \">\n                        <div class=\"sgwf_c2tw_iteminr\">\n                            <a href=\"https:\/\/naseva.com\/wp\/wp-content\/uploads\/2026\/04\/DSCN0850.jpg\" title=\"Pirkko Pitk\u00e4nen\" class=\"sgwf_lb\">\n                                <img decoding=\"async\" src=\"https:\/\/naseva.com\/wp\/wp-content\/uploads\/2026\/04\/DSCN0850.jpg\" alt=\"Pirkko Pitk\u00e4nen\" \/>\n                                <h3>Pirkko Pitk\u00e4nen<\/h3>\n                            <\/a>\n                        <\/div>\n                    <\/div>\n                                        <div class=\"sgwf_c2tw_item all 4877 \">\n                        <div class=\"sgwf_c2tw_iteminr\">\n                            <a href=\"https:\/\/naseva.com\/wp\/wp-content\/uploads\/2026\/04\/ICM-Viimeiset-sateet.jpg\" title=\"Arja Karvonen &#8211; Viimeiset s\u00e4teet\" class=\"sgwf_lb\">\n                                <img decoding=\"async\" src=\"https:\/\/naseva.com\/wp\/wp-content\/uploads\/2026\/04\/ICM-Viimeiset-sateet.jpg\" alt=\"Arja Karvonen &#8211; Viimeiset s\u00e4teet\" \/>\n                                <h3>Arja Karvonen &#8211; Viimeiset s\u00e4teet<\/h3>\n                            <\/a>\n                        <\/div>\n                    <\/div>\n                                        <div class=\"sgwf_c2tw_item all 4877 \">\n                        <div class=\"sgwf_c2tw_iteminr\">\n                            <a href=\"https:\/\/naseva.com\/wp\/wp-content\/uploads\/2026\/04\/Maija-Mantyvaara.jpg\" title=\"Maija M\u00e4ntyvaara\" class=\"sgwf_lb\">\n                                <img decoding=\"async\" src=\"https:\/\/naseva.com\/wp\/wp-content\/uploads\/2026\/04\/Maija-Mantyvaara.jpg\" alt=\"Maija M\u00e4ntyvaara\" \/>\n                                <h3>Maija M\u00e4ntyvaara<\/h3>\n                            <\/a>\n                        <\/div>\n                    <\/div>\n                                        <div class=\"sgwf_c2tw_item all 4877 \">\n                        <div class=\"sgwf_c2tw_iteminr\">\n                            <a href=\"https:\/\/naseva.com\/wp\/wp-content\/uploads\/2026\/04\/mia_ronka.jpg\" title=\"Mia R\u00f6nk\u00e4\" class=\"sgwf_lb\">\n                                <img decoding=\"async\" src=\"https:\/\/naseva.com\/wp\/wp-content\/uploads\/2026\/04\/mia_ronka.jpg\" alt=\"Mia R\u00f6nk\u00e4\" \/>\n                                <h3>Mia R\u00f6nk\u00e4<\/h3>\n                            <\/a>\n                        <\/div>\n                    <\/div>\n                                        <div class=\"sgwf_c2tw_item all 4877 \">\n                        <div class=\"sgwf_c2tw_iteminr\">\n                            <a href=\"https:\/\/naseva.com\/wp\/wp-content\/uploads\/2026\/04\/Paallekkaisvalotus3_Maiju.jpg\" title=\"Maiju Roos\" class=\"sgwf_lb\">\n                                <img decoding=\"async\" src=\"https:\/\/naseva.com\/wp\/wp-content\/uploads\/2026\/04\/Paallekkaisvalotus3_Maiju.jpg\" alt=\"Maiju Roos\" \/>\n                                <h3>Maiju Roos<\/h3>\n                            <\/a>\n                        <\/div>\n                    <\/div>\n                                        <div class=\"sgwf_c2tw_item all 4877 \">\n                        <div class=\"sgwf_c2tw_iteminr\">\n                            <a href=\"https:\/\/naseva.com\/wp\/wp-content\/uploads\/2026\/04\/Tanssi.jpg\" title=\"Kari Laine &#8211; Tanssi\" class=\"sgwf_lb\">\n                                <img decoding=\"async\" src=\"https:\/\/naseva.com\/wp\/wp-content\/uploads\/2026\/04\/Tanssi.jpg\" alt=\"Kari Laine &#8211; Tanssi\" \/>\n                                <h3>Kari Laine &#8211; Tanssi<\/h3>\n                            <\/a>\n                        <\/div>\n                    <\/div>\n                                        <div class=\"sgwf_c2tw_item all 4877 \">\n                        <div class=\"sgwf_c2tw_iteminr\">\n                            <a href=\"https:\/\/naseva.com\/wp\/wp-content\/uploads\/2026\/04\/Vihreaa-kaksoisvalotus.jpg\" title=\"Tanja Lepist\u00f6 &#8211; Vihre\u00e4\u00e4, kaksoisvalotus\" class=\"sgwf_lb\">\n                                <img decoding=\"async\" src=\"https:\/\/naseva.com\/wp\/wp-content\/uploads\/2026\/04\/Vihreaa-kaksoisvalotus.jpg\" alt=\"Tanja Lepist\u00f6 &#8211; Vihre\u00e4\u00e4, kaksoisvalotus\" \/>\n                                <h3>Tanja Lepist\u00f6 &#8211; Vihre\u00e4\u00e4, kaksoisvalotus<\/h3>\n                            <\/a>\n                        <\/div>\n                    <\/div>\n                                <\/div>\n            <div class=\"sgwf_clear\"><\/div>\n            \n        <\/div>\n        \n        <div class=\"sgwf-pagination\">\n                <\/div>\n    <\/div>\n    <\/strong><\/p>\n<!-- \/wp:paragraph --><\/div><\/li>\n<li><a class=\"wp-block-latest-posts__post-title\" href=\"https:\/\/naseva.com\/wp\/2025\/11\/05\/kaupunkiluonto-nayttely-marraskuussa-2025\/\">Kaupunkiluonto-n\u00e4yttely marraskuussa 2025<\/a><div class=\"wp-block-latest-posts__post-full-content\"><!-- wp:image {\"id\":4694,\"sizeSlug\":\"large\",\"linkDestination\":\"none\"} -->\n<figure class=\"wp-block-image size-large\"><img loading=\"lazy\" decoding=\"async\" width=\"1024\" height=\"768\" src=\"https:\/\/naseva.com\/wp\/wp-content\/uploads\/2025\/11\/251103-001-1024x768.jpg\" alt=\"\" class=\"wp-image-4694\" srcset=\"https:\/\/naseva.com\/wp\/wp-content\/uploads\/2025\/11\/251103-001-1024x768.jpg 1024w, https:\/\/naseva.com\/wp\/wp-content\/uploads\/2025\/11\/251103-001-1536x1152.jpg 1536w, https:\/\/naseva.com\/wp\/wp-content\/uploads\/2025\/11\/251103-001-600x450.jpg 600w, https:\/\/naseva.com\/wp\/wp-content\/uploads\/2025\/11\/251103-001-768x576.jpg 768w, https:\/\/naseva.com\/wp\/wp-content\/uploads\/2025\/11\/251103-001.jpg 2000w\" sizes=\"auto, (max-width: 1024px) 100vw, 1024px\" \/><\/figure>\n<!-- \/wp:image -->\n\n<!-- wp:image {\"id\":4695,\"sizeSlug\":\"large\",\"linkDestination\":\"none\"} -->\n<figure class=\"wp-block-image size-large\"><img loading=\"lazy\" decoding=\"async\" width=\"1024\" height=\"768\" src=\"https:\/\/naseva.com\/wp\/wp-content\/uploads\/2025\/11\/251103-004-1024x768.jpg\" alt=\"\" class=\"wp-image-4695\" srcset=\"https:\/\/naseva.com\/wp\/wp-content\/uploads\/2025\/11\/251103-004-1024x768.jpg 1024w, https:\/\/naseva.com\/wp\/wp-content\/uploads\/2025\/11\/251103-004-1536x1152.jpg 1536w, https:\/\/naseva.com\/wp\/wp-content\/uploads\/2025\/11\/251103-004-600x450.jpg 600w, https:\/\/naseva.com\/wp\/wp-content\/uploads\/2025\/11\/251103-004-768x576.jpg 768w, https:\/\/naseva.com\/wp\/wp-content\/uploads\/2025\/11\/251103-004.jpg 2000w\" sizes=\"auto, (max-width: 1024px) 100vw, 1024px\" \/><figcaption class=\"wp-element-caption\">Kuvat: Jari Hakala<\/figcaption><\/figure>\n<!-- \/wp:image -->\n\n<!-- wp:paragraph -->\n<p>Nasevalaisia pystytt\u00e4m\u00e4ss\u00e4 Kaupunkiluonto-n\u00e4yttely\u00e4 Naantalin kirjastossa lokakuussa 2025.<\/p>\n<!-- \/wp:paragraph --><\/div><\/li>\n<li><a class=\"wp-block-latest-posts__post-title\" href=\"https:\/\/naseva.com\/wp\/2025\/08\/28\/pohjanmaa-2025\/\">Kuvausretki Pohjanmaalle 2025<\/a><div class=\"wp-block-latest-posts__post-full-content\"><!-- wp:image {\"id\":4544,\"sizeSlug\":\"large\",\"linkDestination\":\"none\"} -->\n<figure class=\"wp-block-image size-large\"><img loading=\"lazy\" decoding=\"async\" width=\"1024\" height=\"768\" src=\"https:\/\/naseva.com\/wp\/wp-content\/uploads\/2025\/08\/Maakalla-2-1024x768.jpg\" alt=\"\" class=\"wp-image-4544\" srcset=\"https:\/\/naseva.com\/wp\/wp-content\/uploads\/2025\/08\/Maakalla-2-1024x768.jpg 1024w, https:\/\/naseva.com\/wp\/wp-content\/uploads\/2025\/08\/Maakalla-2-1536x1152.jpg 1536w, https:\/\/naseva.com\/wp\/wp-content\/uploads\/2025\/08\/Maakalla-2-600x450.jpg 600w, https:\/\/naseva.com\/wp\/wp-content\/uploads\/2025\/08\/Maakalla-2-768x576.jpg 768w, https:\/\/naseva.com\/wp\/wp-content\/uploads\/2025\/08\/Maakalla-2.jpg 2048w\" sizes=\"auto, (max-width: 1024px) 100vw, 1024px\" \/><\/figure>\n<!-- \/wp:image -->\n\n<!-- wp:image {\"id\":4546,\"sizeSlug\":\"large\",\"linkDestination\":\"none\"} -->\n<figure class=\"wp-block-image size-large\"><img loading=\"lazy\" decoding=\"async\" width=\"1024\" height=\"768\" src=\"https:\/\/naseva.com\/wp\/wp-content\/uploads\/2025\/08\/Maakalla-7-1024x768.jpg\" alt=\"\" class=\"wp-image-4546\" srcset=\"https:\/\/naseva.com\/wp\/wp-content\/uploads\/2025\/08\/Maakalla-7-1024x768.jpg 1024w, https:\/\/naseva.com\/wp\/wp-content\/uploads\/2025\/08\/Maakalla-7-1536x1152.jpg 1536w, https:\/\/naseva.com\/wp\/wp-content\/uploads\/2025\/08\/Maakalla-7-600x450.jpg 600w, https:\/\/naseva.com\/wp\/wp-content\/uploads\/2025\/08\/Maakalla-7-768x576.jpg 768w, https:\/\/naseva.com\/wp\/wp-content\/uploads\/2025\/08\/Maakalla-7.jpg 2048w\" sizes=\"auto, (max-width: 1024px) 100vw, 1024px\" \/><\/figure>\n<!-- \/wp:image -->\n\n<!-- wp:image {\"id\":4547,\"sizeSlug\":\"large\",\"linkDestination\":\"none\"} -->\n<figure class=\"wp-block-image size-large\"><img loading=\"lazy\" decoding=\"async\" width=\"1024\" height=\"768\" src=\"https:\/\/naseva.com\/wp\/wp-content\/uploads\/2025\/08\/Maakalla-8-1024x768.jpg\" alt=\"\" class=\"wp-image-4547\" srcset=\"https:\/\/naseva.com\/wp\/wp-content\/uploads\/2025\/08\/Maakalla-8-1024x768.jpg 1024w, https:\/\/naseva.com\/wp\/wp-content\/uploads\/2025\/08\/Maakalla-8-1536x1152.jpg 1536w, https:\/\/naseva.com\/wp\/wp-content\/uploads\/2025\/08\/Maakalla-8-600x450.jpg 600w, https:\/\/naseva.com\/wp\/wp-content\/uploads\/2025\/08\/Maakalla-8-768x576.jpg 768w, https:\/\/naseva.com\/wp\/wp-content\/uploads\/2025\/08\/Maakalla-8.jpg 2048w\" sizes=\"auto, (max-width: 1024px) 100vw, 1024px\" \/><\/figure>\n<!-- \/wp:image -->\n\n<!-- wp:image {\"id\":4548,\"sizeSlug\":\"large\",\"linkDestination\":\"none\"} -->\n<figure class=\"wp-block-image size-large\"><img loading=\"lazy\" decoding=\"async\" width=\"1024\" height=\"768\" src=\"https:\/\/naseva.com\/wp\/wp-content\/uploads\/2025\/08\/Maakalla-9-1024x768.jpg\" alt=\"\" class=\"wp-image-4548\" srcset=\"https:\/\/naseva.com\/wp\/wp-content\/uploads\/2025\/08\/Maakalla-9-1024x768.jpg 1024w, https:\/\/naseva.com\/wp\/wp-content\/uploads\/2025\/08\/Maakalla-9-1536x1152.jpg 1536w, https:\/\/naseva.com\/wp\/wp-content\/uploads\/2025\/08\/Maakalla-9-600x450.jpg 600w, https:\/\/naseva.com\/wp\/wp-content\/uploads\/2025\/08\/Maakalla-9-768x576.jpg 768w, https:\/\/naseva.com\/wp\/wp-content\/uploads\/2025\/08\/Maakalla-9.jpg 2048w\" sizes=\"auto, (max-width: 1024px) 100vw, 1024px\" \/><figcaption class=\"wp-element-caption\">Kuvat: Heikki Junnila<\/figcaption><\/figure>\n<!-- \/wp:image -->\n\n<!-- wp:image {\"id\":4552,\"width\":\"652px\",\"height\":\"auto\",\"sizeSlug\":\"large\",\"linkDestination\":\"none\"} -->\n<figure class=\"wp-block-image size-large is-resized\"><img loading=\"lazy\" decoding=\"async\" width=\"1024\" height=\"487\" src=\"https:\/\/naseva.com\/wp\/wp-content\/uploads\/2025\/08\/DSC05164-copy-1024x487.jpg\" alt=\"\" class=\"wp-image-4552\" style=\"width:652px;height:auto\" srcset=\"https:\/\/naseva.com\/wp\/wp-content\/uploads\/2025\/08\/DSC05164-copy-1024x487.jpg 1024w, https:\/\/naseva.com\/wp\/wp-content\/uploads\/2025\/08\/DSC05164-copy-1536x730.jpg 1536w, https:\/\/naseva.com\/wp\/wp-content\/uploads\/2025\/08\/DSC05164-copy-600x285.jpg 600w, https:\/\/naseva.com\/wp\/wp-content\/uploads\/2025\/08\/DSC05164-copy-768x365.jpg 768w, https:\/\/naseva.com\/wp\/wp-content\/uploads\/2025\/08\/DSC05164-copy.jpg 2000w\" sizes=\"auto, (max-width: 1024px) 100vw, 1024px\" \/><\/figure>\n<!-- \/wp:image -->\n\n<!-- wp:image {\"id\":4553,\"sizeSlug\":\"large\",\"linkDestination\":\"none\"} -->\n<figure class=\"wp-block-image size-large\"><img loading=\"lazy\" decoding=\"async\" width=\"1024\" height=\"682\" src=\"https:\/\/naseva.com\/wp\/wp-content\/uploads\/2025\/08\/DSC05227-1024x682.jpg\" alt=\"\" class=\"wp-image-4553\" srcset=\"https:\/\/naseva.com\/wp\/wp-content\/uploads\/2025\/08\/DSC05227-1024x682.jpg 1024w, https:\/\/naseva.com\/wp\/wp-content\/uploads\/2025\/08\/DSC05227-1536x1024.jpg 1536w, https:\/\/naseva.com\/wp\/wp-content\/uploads\/2025\/08\/DSC05227-600x400.jpg 600w, https:\/\/naseva.com\/wp\/wp-content\/uploads\/2025\/08\/DSC05227-768x512.jpg 768w, https:\/\/naseva.com\/wp\/wp-content\/uploads\/2025\/08\/DSC05227.jpg 2000w\" sizes=\"auto, (max-width: 1024px) 100vw, 1024px\" \/><figcaption class=\"wp-element-caption\">Kuvat: Ky\u00f6sti Pitk\u00e4nen<\/figcaption><\/figure>\n<!-- \/wp:image -->\n\n<!-- wp:paragraph -->\n<p>10 NaSeValaista\u00a0matkusti Pohjanmaalle 18.8. tavoitteena purjehdusretki Maakallalle. Kova tuuli esti kuitenkin matkan, mutta korvattiin se muilla kohteilla, kuten Kokkolan Tankar-majakkasaari ja Ohtakari. Raippaluoto kuului jo alkuper\u00e4iseen matkasuunnitelmaan.<\/p>\n<!-- \/wp:paragraph -->\n\n<!-- wp:paragraph -->\n<p><\/p>\n<!-- \/wp:paragraph --><\/div><\/li>\n<\/ul><\/div><\/div>\n<\/div><\/div>\n<\/div>\n<\/div>\n\n\n\n\n\n\n\n<p><\/p>\n","protected":false},"excerpt":{"rendered":"<p>Kuukauden kuva: Jari Hakala Lis\u00e4\u00e4 kuvia NaSeVa:n vitriiniss\u00e4 Naantalin kirjaston sis\u00e4\u00e4nk\u00e4ynnin vieress\u00e4 J\u00e4senilta toukokuussa Toukokuun j\u00e4senillassa&nbsp;5.5. klo 18 J\u00e4rjest\u00f6talolla aiheina ovat valokuvakilpailun parhaiden palkitseminen, sek\u00e4 Timo Kariston Afrikka-matkakuvat. Kuukauden kuvausaiheet Toukokuu &#8211; Katu\/TieKes\u00e4kuu &#8211; AuringossaHein\u00e4kuu &#8211; Kaksi\/PariElokuu &#8211; VarjoSyyskuu &#8211; RomuLokakuu &#8211; R\u00e4nsistynytMarraskuu &#8211; Pitk\u00e4 valotusaikaJoulukuu &#8211; Loiste NaSeVan toimintaa<\/p>\n","protected":false},"author":1,"featured_media":0,"parent":0,"menu_order":0,"comment_status":"closed","ping_status":"closed","template":"","meta":{"footnotes":""},"class_list":["post-163","page","type-page","status-publish","czr-hentry"],"_links":{"self":[{"href":"https:\/\/naseva.com\/wp\/wp-json\/wp\/v2\/pages\/163","targetHints":{"allow":["GET"]}}],"collection":[{"href":"https:\/\/naseva.com\/wp\/wp-json\/wp\/v2\/pages"}],"about":[{"href":"https:\/\/naseva.com\/wp\/wp-json\/wp\/v2\/types\/page"}],"author":[{"embeddable":true,"href":"https:\/\/naseva.com\/wp\/wp-json\/wp\/v2\/users\/1"}],"replies":[{"embeddable":true,"href":"https:\/\/naseva.com\/wp\/wp-json\/wp\/v2\/comments?post=163"}],"version-history":[{"count":244,"href":"https:\/\/naseva.com\/wp\/wp-json\/wp\/v2\/pages\/163\/revisions"}],"predecessor-version":[{"id":4924,"href":"https:\/\/naseva.com\/wp\/wp-json\/wp\/v2\/pages\/163\/revisions\/4924"}],"wp:attachment":[{"href":"https:\/\/naseva.com\/wp\/wp-json\/wp\/v2\/media?parent=163"}],"curies":[{"name":"wp","href":"https:\/\/api.w.org\/{rel}","templated":true}]}}