{"id":2292,"date":"2025-07-03T16:30:58","date_gmt":"2025-07-03T16:30:58","guid":{"rendered":"https:\/\/naseva.com\/wp\/?page_id=2292"},"modified":"2025-07-03T16:30:59","modified_gmt":"2025-07-03T16:30:59","slug":"2021-tammikuu-hymy","status":"publish","type":"page","link":"https:\/\/naseva.com\/wp\/2021-tammikuu-hymy\/","title":{"rendered":"2021 tammikuu &#8211; Hymy"},"content":{"rendered":"\n<p><strong>    <div class=\"sgwf_come2theweb\" >\n        <div class=\"sgwf_come2thewe_cnt itemwith_col3 \" data-nop=\"10\">\n            \n            <div class=\"loading\"><\/div>\n            <div class=\"sgwf_gallery_items\">\n                                <div class=\"sgwf_c2tw_item all 2101-hymy \">\n                        <div class=\"sgwf_c2tw_iteminr\">\n                            <a href=\"https:\/\/naseva.com\/wp\/wp-content\/uploads\/2025\/07\/2101-Hymy-Arja-Karvonen-Maijanmallina.jpg\" title=\"Arja Karvonen &#8211; Maijan+mallina\" class=\"sgwf_lb\">\n                                <img decoding=\"async\" src=\"https:\/\/naseva.com\/wp\/wp-content\/uploads\/2025\/07\/2101-Hymy-Arja-Karvonen-Maijanmallina.jpg\" alt=\"Arja Karvonen &#8211; Maijan+mallina\" \/>\n                                <h3>Arja Karvonen &#8211; Maijan+mallina<\/h3>\n                            <\/a>\n                        <\/div>\n                    <\/div>\n                                        <div class=\"sgwf_c2tw_item all 2101-hymy \">\n                        <div class=\"sgwf_c2tw_iteminr\">\n                            <a href=\"https:\/\/naseva.com\/wp\/wp-content\/uploads\/2025\/07\/2101-Hymy-Heikki-Junnila-Hymy.jpg\" title=\"Heikki Junnila &#8211; Hymy\" class=\"sgwf_lb\">\n                                <img decoding=\"async\" src=\"https:\/\/naseva.com\/wp\/wp-content\/uploads\/2025\/07\/2101-Hymy-Heikki-Junnila-Hymy.jpg\" alt=\"Heikki Junnila &#8211; Hymy\" \/>\n                                <h3>Heikki Junnila &#8211; Hymy<\/h3>\n                            <\/a>\n                        <\/div>\n                    <\/div>\n                                        <div class=\"sgwf_c2tw_item all 2101-hymy \">\n                        <div class=\"sgwf_c2tw_iteminr\">\n                            <a href=\"https:\/\/naseva.com\/wp\/wp-content\/uploads\/2025\/07\/2101-Hymy-Jorma-Kyttala-Dollarihymy.jpg\" title=\"Jorma Kytt\u00e4l\u00e4 &#8211; Dollarihymy\" class=\"sgwf_lb\">\n                                <img decoding=\"async\" src=\"https:\/\/naseva.com\/wp\/wp-content\/uploads\/2025\/07\/2101-Hymy-Jorma-Kyttala-Dollarihymy.jpg\" alt=\"Jorma Kytt\u00e4l\u00e4 &#8211; Dollarihymy\" \/>\n                                <h3>Jorma Kytt\u00e4l\u00e4 &#8211; Dollarihymy<\/h3>\n                            <\/a>\n                        <\/div>\n                    <\/div>\n                                        <div class=\"sgwf_c2tw_item all 2101-hymy \">\n                        <div class=\"sgwf_c2tw_iteminr\">\n                            <a href=\"https:\/\/naseva.com\/wp\/wp-content\/uploads\/2025\/07\/2101-Hymy-Juha-Haanpaa.jpg\" title=\"Juha Haanp\u00e4\u00e4\" class=\"sgwf_lb\">\n                                <img decoding=\"async\" src=\"https:\/\/naseva.com\/wp\/wp-content\/uploads\/2025\/07\/2101-Hymy-Juha-Haanpaa.jpg\" alt=\"Juha Haanp\u00e4\u00e4\" \/>\n                                <h3>Juha Haanp\u00e4\u00e4<\/h3>\n                            <\/a>\n                        <\/div>\n                    <\/div>\n                                        <div class=\"sgwf_c2tw_item all 2101-hymy \">\n                        <div class=\"sgwf_c2tw_iteminr\">\n                            <a href=\"https:\/\/naseva.com\/wp\/wp-content\/uploads\/2025\/07\/2101-Hymy-Kyosti-Pitkanen.jpg\" title=\"Ky\u00f6sti Pitk\u00e4nen\" class=\"sgwf_lb\">\n                                <img decoding=\"async\" src=\"https:\/\/naseva.com\/wp\/wp-content\/uploads\/2025\/07\/2101-Hymy-Kyosti-Pitkanen.jpg\" alt=\"Ky\u00f6sti Pitk\u00e4nen\" \/>\n                                <h3>Ky\u00f6sti Pitk\u00e4nen<\/h3>\n                            <\/a>\n                        <\/div>\n                    <\/div>\n                                        <div class=\"sgwf_c2tw_item all 2101-hymy \">\n                        <div class=\"sgwf_c2tw_iteminr\">\n                            <a href=\"https:\/\/naseva.com\/wp\/wp-content\/uploads\/2025\/07\/2101-Hymy-Maiju-Roos.jpg\" title=\"Maiju Roos\" class=\"sgwf_lb\">\n                                <img decoding=\"async\" src=\"https:\/\/naseva.com\/wp\/wp-content\/uploads\/2025\/07\/2101-Hymy-Maiju-Roos.jpg\" alt=\"Maiju Roos\" \/>\n                                <h3>Maiju Roos<\/h3>\n                            <\/a>\n                        <\/div>\n                    <\/div>\n                                        <div class=\"sgwf_c2tw_item all 2101-hymy \">\n                        <div class=\"sgwf_c2tw_iteminr\">\n                            <a href=\"https:\/\/naseva.com\/wp\/wp-content\/uploads\/2025\/07\/2101-Hymy-Matti-Hellman-Hymy.jpg\" title=\"Matti Hellman &#8211; Hymy\" class=\"sgwf_lb\">\n                                <img decoding=\"async\" src=\"https:\/\/naseva.com\/wp\/wp-content\/uploads\/2025\/07\/2101-Hymy-Matti-Hellman-Hymy.jpg\" alt=\"Matti Hellman &#8211; Hymy\" \/>\n                                <h3>Matti Hellman &#8211; Hymy<\/h3>\n                            <\/a>\n                        <\/div>\n                    <\/div>\n                                        <div class=\"sgwf_c2tw_item all 2101-hymy \">\n                        <div class=\"sgwf_c2tw_iteminr\">\n                            <a href=\"https:\/\/naseva.com\/wp\/wp-content\/uploads\/2025\/07\/2101-Hymy-Pirkko-Pitkanen-Paasiaisnaytelman-hymy.jpg\" title=\"Pirkko Pitk\u00e4nen &#8211; P\u00e4\u00e4si\u00e4isn\u00e4ytelm\u00e4n hymy\" class=\"sgwf_lb\">\n                                <img decoding=\"async\" src=\"https:\/\/naseva.com\/wp\/wp-content\/uploads\/2025\/07\/2101-Hymy-Pirkko-Pitkanen-Paasiaisnaytelman-hymy.jpg\" alt=\"Pirkko Pitk\u00e4nen &#8211; P\u00e4\u00e4si\u00e4isn\u00e4ytelm\u00e4n hymy\" \/>\n                                <h3>Pirkko Pitk\u00e4nen &#8211; P\u00e4\u00e4si\u00e4isn\u00e4ytelm\u00e4n hymy<\/h3>\n                            <\/a>\n                        <\/div>\n                    <\/div>\n                                        <div class=\"sgwf_c2tw_item all 2101-hymy \">\n                        <div class=\"sgwf_c2tw_iteminr\">\n                            <a href=\"https:\/\/naseva.com\/wp\/wp-content\/uploads\/2025\/07\/2101-Hymy-Raija-Kyttala-Tuplahymy.jpg\" title=\"Raija Kytt\u00e4l\u00e4 &#8211; Tuplahymy\" class=\"sgwf_lb\">\n                                <img decoding=\"async\" src=\"https:\/\/naseva.com\/wp\/wp-content\/uploads\/2025\/07\/2101-Hymy-Raija-Kyttala-Tuplahymy.jpg\" alt=\"Raija Kytt\u00e4l\u00e4 &#8211; Tuplahymy\" \/>\n                                <h3>Raija Kytt\u00e4l\u00e4 &#8211; Tuplahymy<\/h3>\n                            <\/a>\n                        <\/div>\n                    <\/div>\n                                        <div class=\"sgwf_c2tw_item all 2101-hymy \">\n                        <div class=\"sgwf_c2tw_iteminr\">\n                            <a href=\"https:\/\/naseva.com\/wp\/wp-content\/uploads\/2025\/07\/2101-Hymy-Sakari-Ekko-Hymy.jpg\" title=\"Sakari Ekko &#8211; Hymy\" class=\"sgwf_lb\">\n                                <img decoding=\"async\" src=\"https:\/\/naseva.com\/wp\/wp-content\/uploads\/2025\/07\/2101-Hymy-Sakari-Ekko-Hymy.jpg\" alt=\"Sakari Ekko &#8211; Hymy\" \/>\n                                <h3>Sakari Ekko &#8211; Hymy<\/h3>\n                            <\/a>\n                        <\/div>\n                    <\/div>\n                                <\/div>\n            <div class=\"sgwf_clear\"><\/div>\n            \n        <\/div>\n        \n        <div class=\"sgwf-pagination\">\n                            <button class=\"sgwf-loadmore-btn\"\n                        data-postid=\"2279\"\n                        data-offset=\"10\"\n                        data-nop=\"10\"\n                        data-style=\"\"\n                        data-cols=\"0\"\n                        data-label=\"Load More\">\n                        Load More                    <\/button>\n                            <\/div>\n    <\/div>\n    <\/strong><\/p>\n","protected":false},"excerpt":{"rendered":"","protected":false},"author":1,"featured_media":0,"parent":0,"menu_order":0,"comment_status":"closed","ping_status":"closed","template":"","meta":{"footnotes":""},"class_list":["post-2292","page","type-page","status-publish","czr-hentry"],"_links":{"self":[{"href":"https:\/\/naseva.com\/wp\/wp-json\/wp\/v2\/pages\/2292","targetHints":{"allow":["GET"]}}],"collection":[{"href":"https:\/\/naseva.com\/wp\/wp-json\/wp\/v2\/pages"}],"about":[{"href":"https:\/\/naseva.com\/wp\/wp-json\/wp\/v2\/types\/page"}],"author":[{"embeddable":true,"href":"https:\/\/naseva.com\/wp\/wp-json\/wp\/v2\/users\/1"}],"replies":[{"embeddable":true,"href":"https:\/\/naseva.com\/wp\/wp-json\/wp\/v2\/comments?post=2292"}],"version-history":[{"count":1,"href":"https:\/\/naseva.com\/wp\/wp-json\/wp\/v2\/pages\/2292\/revisions"}],"predecessor-version":[{"id":2293,"href":"https:\/\/naseva.com\/wp\/wp-json\/wp\/v2\/pages\/2292\/revisions\/2293"}],"wp:attachment":[{"href":"https:\/\/naseva.com\/wp\/wp-json\/wp\/v2\/media?parent=2292"}],"curies":[{"name":"wp","href":"https:\/\/api.w.org\/{rel}","templated":true}]}}