{"id":2901,"date":"2025-07-04T05:56:30","date_gmt":"2025-07-04T05:56:30","guid":{"rendered":"https:\/\/naseva.com\/wp\/?page_id=2901"},"modified":"2025-07-04T05:56:30","modified_gmt":"2025-07-04T05:56:30","slug":"2024-kesakuu-kolme","status":"publish","type":"page","link":"https:\/\/naseva.com\/wp\/2024-kesakuu-kolme\/","title":{"rendered":"2024 kes\u00e4kuu &#8211; Kolme"},"content":{"rendered":"\n<p><strong>    <div class=\"sgwf_come2theweb\" >\n        <div class=\"sgwf_come2thewe_cnt itemwith_col3 \" data-nop=\"10\">\n            \n            <div class=\"loading\"><\/div>\n            <div class=\"sgwf_gallery_items\">\n                                <div class=\"sgwf_c2tw_item all 2406-kolme \">\n                        <div class=\"sgwf_c2tw_iteminr\">\n                            <a href=\"https:\/\/naseva.com\/wp\/wp-content\/uploads\/2025\/07\/2406-Kolme-Anna-Yli-Saari.jpg\" title=\"Anna Yli-Saari\" class=\"sgwf_lb\">\n                                <img decoding=\"async\" src=\"https:\/\/naseva.com\/wp\/wp-content\/uploads\/2025\/07\/2406-Kolme-Anna-Yli-Saari.jpg\" alt=\"Anna Yli-Saari\" \/>\n                                <h3>Anna Yli-Saari<\/h3>\n                            <\/a>\n                        <\/div>\n                    <\/div>\n                                        <div class=\"sgwf_c2tw_item all 2406-kolme \">\n                        <div class=\"sgwf_c2tw_iteminr\">\n                            <a href=\"https:\/\/naseva.com\/wp\/wp-content\/uploads\/2025\/07\/2406-Kolme-Arja-Karvonen-Pihan-kaunistus.jpg\" title=\"Arja Karvonen &#8211; Pihan kaunistus\" class=\"sgwf_lb\">\n                                <img decoding=\"async\" src=\"https:\/\/naseva.com\/wp\/wp-content\/uploads\/2025\/07\/2406-Kolme-Arja-Karvonen-Pihan-kaunistus.jpg\" alt=\"Arja Karvonen &#8211; Pihan kaunistus\" \/>\n                                <h3>Arja Karvonen &#8211; Pihan kaunistus<\/h3>\n                            <\/a>\n                        <\/div>\n                    <\/div>\n                                        <div class=\"sgwf_c2tw_item all 2406-kolme \">\n                        <div class=\"sgwf_c2tw_iteminr\">\n                            <a href=\"https:\/\/naseva.com\/wp\/wp-content\/uploads\/2025\/07\/2406-Kolme-Heikki-Junnila-Kolmen-pytyn-ahjo.jpg\" title=\"Heikki Junnila &#8211; Kolmen pytyn ahjo\" class=\"sgwf_lb\">\n                                <img decoding=\"async\" src=\"https:\/\/naseva.com\/wp\/wp-content\/uploads\/2025\/07\/2406-Kolme-Heikki-Junnila-Kolmen-pytyn-ahjo.jpg\" alt=\"Heikki Junnila &#8211; Kolmen pytyn ahjo\" \/>\n                                <h3>Heikki Junnila &#8211; Kolmen pytyn ahjo<\/h3>\n                            <\/a>\n                        <\/div>\n                    <\/div>\n                                        <div class=\"sgwf_c2tw_item all 2406-kolme \">\n                        <div class=\"sgwf_c2tw_iteminr\">\n                            <a href=\"https:\/\/naseva.com\/wp\/wp-content\/uploads\/2025\/07\/2406-Kolme-Jari-Hakala.jpg\" title=\"Jari Hakala\" class=\"sgwf_lb\">\n                                <img decoding=\"async\" src=\"https:\/\/naseva.com\/wp\/wp-content\/uploads\/2025\/07\/2406-Kolme-Jari-Hakala.jpg\" alt=\"Jari Hakala\" \/>\n                                <h3>Jari Hakala<\/h3>\n                            <\/a>\n                        <\/div>\n                    <\/div>\n                                        <div class=\"sgwf_c2tw_item all 2406-kolme \">\n                        <div class=\"sgwf_c2tw_iteminr\">\n                            <a href=\"https:\/\/naseva.com\/wp\/wp-content\/uploads\/2025\/07\/2406-Kolme-Jorma-Kyttala-Kolme.jpg\" title=\"Jorma Kytt\u00e4l\u00e4 &#8211; Kolme\" class=\"sgwf_lb\">\n                                <img decoding=\"async\" src=\"https:\/\/naseva.com\/wp\/wp-content\/uploads\/2025\/07\/2406-Kolme-Jorma-Kyttala-Kolme.jpg\" alt=\"Jorma Kytt\u00e4l\u00e4 &#8211; Kolme\" \/>\n                                <h3>Jorma Kytt\u00e4l\u00e4 &#8211; Kolme<\/h3>\n                            <\/a>\n                        <\/div>\n                    <\/div>\n                                        <div class=\"sgwf_c2tw_item all 2406-kolme \">\n                        <div class=\"sgwf_c2tw_iteminr\">\n                            <a href=\"https:\/\/naseva.com\/wp\/wp-content\/uploads\/2025\/07\/2406-Kolme-Juha-Haanpaa-Isa-poika-ja-pyha-henki.jpg\" title=\"Juha Haanp\u00e4\u00e4 &#8211; Is\u00e4, poika ja pyh\u00e4 henki\" class=\"sgwf_lb\">\n                                <img decoding=\"async\" src=\"https:\/\/naseva.com\/wp\/wp-content\/uploads\/2025\/07\/2406-Kolme-Juha-Haanpaa-Isa-poika-ja-pyha-henki.jpg\" alt=\"Juha Haanp\u00e4\u00e4 &#8211; Is\u00e4, poika ja pyh\u00e4 henki\" \/>\n                                <h3>Juha Haanp\u00e4\u00e4 &#8211; Is\u00e4, poika ja pyh\u00e4 henki<\/h3>\n                            <\/a>\n                        <\/div>\n                    <\/div>\n                                        <div class=\"sgwf_c2tw_item all 2406-kolme \">\n                        <div class=\"sgwf_c2tw_iteminr\">\n                            <a href=\"https:\/\/naseva.com\/wp\/wp-content\/uploads\/2025\/07\/2406-Kolme-Kyosti-Pitkanen.jpg\" title=\"Ky\u00f6sti Pitk\u00e4nen\" class=\"sgwf_lb\">\n                                <img decoding=\"async\" src=\"https:\/\/naseva.com\/wp\/wp-content\/uploads\/2025\/07\/2406-Kolme-Kyosti-Pitkanen.jpg\" alt=\"Ky\u00f6sti Pitk\u00e4nen\" \/>\n                                <h3>Ky\u00f6sti Pitk\u00e4nen<\/h3>\n                            <\/a>\n                        <\/div>\n                    <\/div>\n                                        <div class=\"sgwf_c2tw_item all 2406-kolme \">\n                        <div class=\"sgwf_c2tw_iteminr\">\n                            <a href=\"https:\/\/naseva.com\/wp\/wp-content\/uploads\/2025\/07\/2406-Kolme-Maiju-Roos-Kolme-keltaista.jpg\" title=\"Maiju Roos &#8211; Kolme keltaista\" class=\"sgwf_lb\">\n                                <img decoding=\"async\" src=\"https:\/\/naseva.com\/wp\/wp-content\/uploads\/2025\/07\/2406-Kolme-Maiju-Roos-Kolme-keltaista.jpg\" alt=\"Maiju Roos &#8211; Kolme keltaista\" \/>\n                                <h3>Maiju Roos &#8211; Kolme keltaista<\/h3>\n                            <\/a>\n                        <\/div>\n                    <\/div>\n                                        <div class=\"sgwf_c2tw_item all 2406-kolme \">\n                        <div class=\"sgwf_c2tw_iteminr\">\n                            <a href=\"https:\/\/naseva.com\/wp\/wp-content\/uploads\/2025\/07\/2406-Kolme-Pirkko-Pitkanen.jpg\" title=\"Pirkko Pitk\u00e4nen\" class=\"sgwf_lb\">\n                                <img decoding=\"async\" src=\"https:\/\/naseva.com\/wp\/wp-content\/uploads\/2025\/07\/2406-Kolme-Pirkko-Pitkanen.jpg\" alt=\"Pirkko Pitk\u00e4nen\" \/>\n                                <h3>Pirkko Pitk\u00e4nen<\/h3>\n                            <\/a>\n                        <\/div>\n                    <\/div>\n                                        <div class=\"sgwf_c2tw_item all 2406-kolme \">\n                        <div class=\"sgwf_c2tw_iteminr\">\n                            <a href=\"https:\/\/naseva.com\/wp\/wp-content\/uploads\/2025\/07\/2406-Kolme-Raija-Kyttala-Syyskuun-kissankello-Kilpisjarvelta.jpg\" title=\"Raija Kytt\u00e4l\u00e4 &#8211; Syyskuun kissankello Kilpisj\u00e4rvelt\u00e4\" class=\"sgwf_lb\">\n                                <img decoding=\"async\" src=\"https:\/\/naseva.com\/wp\/wp-content\/uploads\/2025\/07\/2406-Kolme-Raija-Kyttala-Syyskuun-kissankello-Kilpisjarvelta.jpg\" alt=\"Raija Kytt\u00e4l\u00e4 &#8211; Syyskuun kissankello Kilpisj\u00e4rvelt\u00e4\" \/>\n                                <h3>Raija Kytt\u00e4l\u00e4 &#8211; Syyskuun kissankello Kilpisj\u00e4rvelt\u00e4<\/h3>\n                            <\/a>\n                        <\/div>\n                    <\/div>\n                                <\/div>\n            <div class=\"sgwf_clear\"><\/div>\n            \n        <\/div>\n        \n        <div class=\"sgwf-pagination\">\n                            <button class=\"sgwf-loadmore-btn\"\n                        data-postid=\"2887\"\n                        data-offset=\"10\"\n                        data-nop=\"10\"\n                        data-style=\"\"\n                        data-cols=\"0\"\n                        data-label=\"Load More\">\n                        Load More                    <\/button>\n                            <\/div>\n    <\/div>\n    <\/strong><\/p>\n","protected":false},"excerpt":{"rendered":"","protected":false},"author":1,"featured_media":0,"parent":0,"menu_order":0,"comment_status":"closed","ping_status":"closed","template":"","meta":{"footnotes":""},"class_list":["post-2901","page","type-page","status-publish","czr-hentry"],"_links":{"self":[{"href":"https:\/\/naseva.com\/wp\/wp-json\/wp\/v2\/pages\/2901","targetHints":{"allow":["GET"]}}],"collection":[{"href":"https:\/\/naseva.com\/wp\/wp-json\/wp\/v2\/pages"}],"about":[{"href":"https:\/\/naseva.com\/wp\/wp-json\/wp\/v2\/types\/page"}],"author":[{"embeddable":true,"href":"https:\/\/naseva.com\/wp\/wp-json\/wp\/v2\/users\/1"}],"replies":[{"embeddable":true,"href":"https:\/\/naseva.com\/wp\/wp-json\/wp\/v2\/comments?post=2901"}],"version-history":[{"count":1,"href":"https:\/\/naseva.com\/wp\/wp-json\/wp\/v2\/pages\/2901\/revisions"}],"predecessor-version":[{"id":2902,"href":"https:\/\/naseva.com\/wp\/wp-json\/wp\/v2\/pages\/2901\/revisions\/2902"}],"wp:attachment":[{"href":"https:\/\/naseva.com\/wp\/wp-json\/wp\/v2\/media?parent=2901"}],"curies":[{"name":"wp","href":"https:\/\/api.w.org\/{rel}","templated":true}]}}