{"id":4033,"date":"2025-07-05T07:42:00","date_gmt":"2025-07-05T07:42:00","guid":{"rendered":"https:\/\/naseva.com\/wp\/?page_id=4033"},"modified":"2025-07-05T07:42:00","modified_gmt":"2025-07-05T07:42:00","slug":"pekka-maattanen-israel","status":"publish","type":"page","link":"https:\/\/naseva.com\/wp\/pekka-maattanen-israel\/","title":{"rendered":"Pekka M\u00e4\u00e4tt\u00e4nen &#8211; Israel"},"content":{"rendered":"\n<p><strong>    <div class=\"sgwf_come2theweb\" >\n        <div class=\"sgwf_come2thewe_cnt itemwith_col3 \" data-nop=\"10\">\n            \n            <div class=\"loading\"><\/div>\n            <div class=\"sgwf_gallery_items\">\n                                <div class=\"sgwf_c2tw_item all g-maattanen-pekka-israel \">\n                        <div class=\"sgwf_c2tw_iteminr\">\n                            <a href=\"https:\/\/naseva.com\/wp\/wp-content\/uploads\/2025\/07\/Pekka-Maattanen-Eilat-1-01.jpg\" title=\"Pekka M\u00e4\u00e4tt\u00e4nen &#8211; Eilat-1\" class=\"sgwf_lb\">\n                                <img decoding=\"async\" src=\"https:\/\/naseva.com\/wp\/wp-content\/uploads\/2025\/07\/Pekka-Maattanen-Eilat-1-01.jpg\" alt=\"Pekka M\u00e4\u00e4tt\u00e4nen &#8211; Eilat-1\" \/>\n                                <h3>Pekka M\u00e4\u00e4tt\u00e4nen &#8211; Eilat-1<\/h3>\n                            <\/a>\n                        <\/div>\n                    <\/div>\n                                        <div class=\"sgwf_c2tw_item all g-maattanen-pekka-israel \">\n                        <div class=\"sgwf_c2tw_iteminr\">\n                            <a href=\"https:\/\/naseva.com\/wp\/wp-content\/uploads\/2025\/07\/Pekka-Maattanen-Eilat-2-02.jpg\" title=\"Pekka M\u00e4\u00e4tt\u00e4nen &#8211; Eilat-2\" class=\"sgwf_lb\">\n                                <img decoding=\"async\" src=\"https:\/\/naseva.com\/wp\/wp-content\/uploads\/2025\/07\/Pekka-Maattanen-Eilat-2-02.jpg\" alt=\"Pekka M\u00e4\u00e4tt\u00e4nen &#8211; Eilat-2\" \/>\n                                <h3>Pekka M\u00e4\u00e4tt\u00e4nen &#8211; Eilat-2<\/h3>\n                            <\/a>\n                        <\/div>\n                    <\/div>\n                                        <div class=\"sgwf_c2tw_item all g-maattanen-pekka-israel \">\n                        <div class=\"sgwf_c2tw_iteminr\">\n                            <a href=\"https:\/\/naseva.com\/wp\/wp-content\/uploads\/2025\/07\/Pekka-Maattanen-Eilat-3-03.jpg\" title=\"Pekka M\u00e4\u00e4tt\u00e4nen &#8211; Eilat-3\" class=\"sgwf_lb\">\n                                <img decoding=\"async\" src=\"https:\/\/naseva.com\/wp\/wp-content\/uploads\/2025\/07\/Pekka-Maattanen-Eilat-3-03.jpg\" alt=\"Pekka M\u00e4\u00e4tt\u00e4nen &#8211; Eilat-3\" \/>\n                                <h3>Pekka M\u00e4\u00e4tt\u00e4nen &#8211; Eilat-3<\/h3>\n                            <\/a>\n                        <\/div>\n                    <\/div>\n                                        <div class=\"sgwf_c2tw_item all g-maattanen-pekka-israel \">\n                        <div class=\"sgwf_c2tw_iteminr\">\n                            <a href=\"https:\/\/naseva.com\/wp\/wp-content\/uploads\/2025\/07\/Pekka-Maattanen-Eilat-4-04.jpg\" title=\"Pekka M\u00e4\u00e4tt\u00e4nen &#8211; Eilat-4\" class=\"sgwf_lb\">\n                                <img decoding=\"async\" src=\"https:\/\/naseva.com\/wp\/wp-content\/uploads\/2025\/07\/Pekka-Maattanen-Eilat-4-04.jpg\" alt=\"Pekka M\u00e4\u00e4tt\u00e4nen &#8211; Eilat-4\" \/>\n                                <h3>Pekka M\u00e4\u00e4tt\u00e4nen &#8211; Eilat-4<\/h3>\n                            <\/a>\n                        <\/div>\n                    <\/div>\n                                        <div class=\"sgwf_c2tw_item all g-maattanen-pekka-israel \">\n                        <div class=\"sgwf_c2tw_iteminr\">\n                            <a href=\"https:\/\/naseva.com\/wp\/wp-content\/uploads\/2025\/07\/Pekka-Maattanen-Eilat-5-05.jpg\" title=\"Pekka M\u00e4\u00e4tt\u00e4nen &#8211; Eilat-5\" class=\"sgwf_lb\">\n                                <img decoding=\"async\" src=\"https:\/\/naseva.com\/wp\/wp-content\/uploads\/2025\/07\/Pekka-Maattanen-Eilat-5-05.jpg\" alt=\"Pekka M\u00e4\u00e4tt\u00e4nen &#8211; Eilat-5\" \/>\n                                <h3>Pekka M\u00e4\u00e4tt\u00e4nen &#8211; Eilat-5<\/h3>\n                            <\/a>\n                        <\/div>\n                    <\/div>\n                                        <div class=\"sgwf_c2tw_item all g-maattanen-pekka-israel \">\n                        <div class=\"sgwf_c2tw_iteminr\">\n                            <a href=\"https:\/\/naseva.com\/wp\/wp-content\/uploads\/2025\/07\/Pekka-Maattanen-Eilat-6-06.jpg\" title=\"Pekka M\u00e4\u00e4tt\u00e4nen &#8211; Eilat-6\" class=\"sgwf_lb\">\n                                <img decoding=\"async\" src=\"https:\/\/naseva.com\/wp\/wp-content\/uploads\/2025\/07\/Pekka-Maattanen-Eilat-6-06.jpg\" alt=\"Pekka M\u00e4\u00e4tt\u00e4nen &#8211; Eilat-6\" \/>\n                                <h3>Pekka M\u00e4\u00e4tt\u00e4nen &#8211; Eilat-6<\/h3>\n                            <\/a>\n                        <\/div>\n                    <\/div>\n                                        <div class=\"sgwf_c2tw_item all g-maattanen-pekka-israel \">\n                        <div class=\"sgwf_c2tw_iteminr\">\n                            <a href=\"https:\/\/naseva.com\/wp\/wp-content\/uploads\/2025\/07\/Pekka-Maattanen-Eilat-7-07.jpg\" title=\"Pekka M\u00e4\u00e4tt\u00e4nen &#8211; Eilat-7\" class=\"sgwf_lb\">\n                                <img decoding=\"async\" src=\"https:\/\/naseva.com\/wp\/wp-content\/uploads\/2025\/07\/Pekka-Maattanen-Eilat-7-07.jpg\" alt=\"Pekka M\u00e4\u00e4tt\u00e4nen &#8211; Eilat-7\" \/>\n                                <h3>Pekka M\u00e4\u00e4tt\u00e4nen &#8211; Eilat-7<\/h3>\n                            <\/a>\n                        <\/div>\n                    <\/div>\n                                        <div class=\"sgwf_c2tw_item all g-maattanen-pekka-israel \">\n                        <div class=\"sgwf_c2tw_iteminr\">\n                            <a href=\"https:\/\/naseva.com\/wp\/wp-content\/uploads\/2025\/07\/Pekka-Maattanen-Eilatin-laguuni-1-08.jpg\" title=\"Pekka M\u00e4\u00e4tt\u00e4nen &#8211; Eilatin laguuni-1\" class=\"sgwf_lb\">\n                                <img decoding=\"async\" src=\"https:\/\/naseva.com\/wp\/wp-content\/uploads\/2025\/07\/Pekka-Maattanen-Eilatin-laguuni-1-08.jpg\" alt=\"Pekka M\u00e4\u00e4tt\u00e4nen &#8211; Eilatin laguuni-1\" \/>\n                                <h3>Pekka M\u00e4\u00e4tt\u00e4nen &#8211; Eilatin laguuni-1<\/h3>\n                            <\/a>\n                        <\/div>\n                    <\/div>\n                                        <div class=\"sgwf_c2tw_item all g-maattanen-pekka-israel \">\n                        <div class=\"sgwf_c2tw_iteminr\">\n                            <a href=\"https:\/\/naseva.com\/wp\/wp-content\/uploads\/2025\/07\/Pekka-Maattanen-Eilatin-laguuni-2-09.jpg\" title=\"Pekka M\u00e4\u00e4tt\u00e4nen &#8211; Eilatin laguuni-2\" class=\"sgwf_lb\">\n                                <img decoding=\"async\" src=\"https:\/\/naseva.com\/wp\/wp-content\/uploads\/2025\/07\/Pekka-Maattanen-Eilatin-laguuni-2-09.jpg\" alt=\"Pekka M\u00e4\u00e4tt\u00e4nen &#8211; Eilatin laguuni-2\" \/>\n                                <h3>Pekka M\u00e4\u00e4tt\u00e4nen &#8211; Eilatin laguuni-2<\/h3>\n                            <\/a>\n                        <\/div>\n                    <\/div>\n                                        <div class=\"sgwf_c2tw_item all g-maattanen-pekka-israel \">\n                        <div class=\"sgwf_c2tw_iteminr\">\n                            <a href=\"https:\/\/naseva.com\/wp\/wp-content\/uploads\/2025\/07\/Pekka-Maattanen-Gan-Hashlosha-10.jpg\" title=\"Pekka M\u00e4\u00e4tt\u00e4nen &#8211; Gan Hashlosha\" class=\"sgwf_lb\">\n                                <img decoding=\"async\" src=\"https:\/\/naseva.com\/wp\/wp-content\/uploads\/2025\/07\/Pekka-Maattanen-Gan-Hashlosha-10.jpg\" alt=\"Pekka M\u00e4\u00e4tt\u00e4nen &#8211; Gan Hashlosha\" \/>\n                                <h3>Pekka M\u00e4\u00e4tt\u00e4nen &#8211; Gan Hashlosha<\/h3>\n                            <\/a>\n                        <\/div>\n                    <\/div>\n                                <\/div>\n            <div class=\"sgwf_clear\"><\/div>\n            \n        <\/div>\n        \n        <div class=\"sgwf-pagination\">\n                            <button class=\"sgwf-loadmore-btn\"\n                        data-postid=\"4005\"\n                        data-offset=\"10\"\n                        data-nop=\"10\"\n                        data-style=\"\"\n                        data-cols=\"0\"\n                        data-label=\"Load More\">\n                        Load More                    <\/button>\n                            <\/div>\n    <\/div>\n    <\/strong><\/p>\n","protected":false},"excerpt":{"rendered":"","protected":false},"author":1,"featured_media":0,"parent":0,"menu_order":0,"comment_status":"closed","ping_status":"closed","template":"","meta":{"footnotes":""},"class_list":["post-4033","page","type-page","status-publish","czr-hentry"],"_links":{"self":[{"href":"https:\/\/naseva.com\/wp\/wp-json\/wp\/v2\/pages\/4033","targetHints":{"allow":["GET"]}}],"collection":[{"href":"https:\/\/naseva.com\/wp\/wp-json\/wp\/v2\/pages"}],"about":[{"href":"https:\/\/naseva.com\/wp\/wp-json\/wp\/v2\/types\/page"}],"author":[{"embeddable":true,"href":"https:\/\/naseva.com\/wp\/wp-json\/wp\/v2\/users\/1"}],"replies":[{"embeddable":true,"href":"https:\/\/naseva.com\/wp\/wp-json\/wp\/v2\/comments?post=4033"}],"version-history":[{"count":1,"href":"https:\/\/naseva.com\/wp\/wp-json\/wp\/v2\/pages\/4033\/revisions"}],"predecessor-version":[{"id":4034,"href":"https:\/\/naseva.com\/wp\/wp-json\/wp\/v2\/pages\/4033\/revisions\/4034"}],"wp:attachment":[{"href":"https:\/\/naseva.com\/wp\/wp-json\/wp\/v2\/media?parent=4033"}],"curies":[{"name":"wp","href":"https:\/\/api.w.org\/{rel}","templated":true}]}}