{"id":4526,"date":"2025-08-01T04:03:12","date_gmt":"2025-08-01T04:03:12","guid":{"rendered":"https:\/\/naseva.com\/wp\/?page_id=4526"},"modified":"2025-08-01T04:03:13","modified_gmt":"2025-08-01T04:03:13","slug":"2025-heinakuu-raaka","status":"publish","type":"page","link":"https:\/\/naseva.com\/wp\/2025-heinakuu-raaka\/","title":{"rendered":"2025 hein\u00e4kuu &#8211; Raaka"},"content":{"rendered":"\n<p><strong>    <div class=\"sgwf_come2theweb\" >\n        <div class=\"sgwf_come2thewe_cnt itemwith_col3 \" data-nop=\"10\">\n            \n            <div class=\"loading\"><\/div>\n            <div class=\"sgwf_gallery_items\">\n                                <div class=\"sgwf_c2tw_item all 2507-raaka \">\n                        <div class=\"sgwf_c2tw_iteminr\">\n                            <a href=\"https:\/\/naseva.com\/wp\/wp-content\/uploads\/2025\/08\/DSC_0193-scaled.jpg\" title=\"Timo Karisto\" class=\"sgwf_lb\">\n                                <img decoding=\"async\" src=\"https:\/\/naseva.com\/wp\/wp-content\/uploads\/2025\/08\/DSC_0193-scaled.jpg\" alt=\"Timo Karisto\" \/>\n                                <h3>Timo Karisto<\/h3>\n                            <\/a>\n                        <\/div>\n                    <\/div>\n                                        <div class=\"sgwf_c2tw_item all 2507-raaka \">\n                        <div class=\"sgwf_c2tw_iteminr\">\n                            <a href=\"https:\/\/naseva.com\/wp\/wp-content\/uploads\/2025\/08\/Pedon-jattama-haaska-Naantali-Sokerinmaki.jpg\" title=\"Jorma Kytt\u00e4l\u00e4 &#8211; Mets\u00e4kauris\" class=\"sgwf_lb\">\n                                <img decoding=\"async\" src=\"https:\/\/naseva.com\/wp\/wp-content\/uploads\/2025\/08\/Pedon-jattama-haaska-Naantali-Sokerinmaki.jpg\" alt=\"Jorma Kytt\u00e4l\u00e4 &#8211; Mets\u00e4kauris\" \/>\n                                <h3>Jorma Kytt\u00e4l\u00e4 &#8211; Mets\u00e4kauris<\/h3>\n                            <\/a>\n                        <\/div>\n                    <\/div>\n                                        <div class=\"sgwf_c2tw_item all 2507-raaka \">\n                        <div class=\"sgwf_c2tw_iteminr\">\n                            <a href=\"https:\/\/naseva.com\/wp\/wp-content\/uploads\/2025\/08\/Raaka-ja-kypsa.jpg\" title=\"Heikki Junnila- Raaka ja kyps\u00e4\" class=\"sgwf_lb\">\n                                <img decoding=\"async\" src=\"https:\/\/naseva.com\/wp\/wp-content\/uploads\/2025\/08\/Raaka-ja-kypsa.jpg\" alt=\"Heikki Junnila- Raaka ja kyps\u00e4\" \/>\n                                <h3>Heikki Junnila- Raaka ja kyps\u00e4<\/h3>\n                            <\/a>\n                        <\/div>\n                    <\/div>\n                                        <div class=\"sgwf_c2tw_item all 2507-raaka \">\n                        <div class=\"sgwf_c2tw_iteminr\">\n                            <a href=\"https:\/\/naseva.com\/wp\/wp-content\/uploads\/2025\/08\/Raakaa-lihaa.jpg\" title=\"Tanja Lepist\u00f6 &#8211; Raakaa lihaa\" class=\"sgwf_lb\">\n                                <img decoding=\"async\" src=\"https:\/\/naseva.com\/wp\/wp-content\/uploads\/2025\/08\/Raakaa-lihaa.jpg\" alt=\"Tanja Lepist\u00f6 &#8211; Raakaa lihaa\" \/>\n                                <h3>Tanja Lepist\u00f6 &#8211; Raakaa lihaa<\/h3>\n                            <\/a>\n                        <\/div>\n                    <\/div>\n                                        <div class=\"sgwf_c2tw_item all 2507-raaka \">\n                        <div class=\"sgwf_c2tw_iteminr\">\n                            <a href=\"https:\/\/naseva.com\/wp\/wp-content\/uploads\/2025\/08\/Raakaa-S-Ekko.jpg\" title=\"Sakari Ekko &#8211; Raakaa ja j\u00e4ist\u00e4, mutta runsaasti\" class=\"sgwf_lb\">\n                                <img decoding=\"async\" src=\"https:\/\/naseva.com\/wp\/wp-content\/uploads\/2025\/08\/Raakaa-S-Ekko.jpg\" alt=\"Sakari Ekko &#8211; Raakaa ja j\u00e4ist\u00e4, mutta runsaasti\" \/>\n                                <h3>Sakari Ekko &#8211; Raakaa ja j\u00e4ist\u00e4, mutta runsaasti<\/h3>\n                            <\/a>\n                        <\/div>\n                    <\/div>\n                                        <div class=\"sgwf_c2tw_item all 2507-raaka \">\n                        <div class=\"sgwf_c2tw_iteminr\">\n                            <a href=\"https:\/\/naseva.com\/wp\/wp-content\/uploads\/2025\/08\/Syvan_meren_kalaa_Funchalin_kauppahallissa_Madeiralla.jpg\" title=\"Raija Kytt\u00e4l\u00e4 &#8211; Syv\u00e4n meren kalaa Funchalin kauppahallissa Madeiralla\" class=\"sgwf_lb\">\n                                <img decoding=\"async\" src=\"https:\/\/naseva.com\/wp\/wp-content\/uploads\/2025\/08\/Syvan_meren_kalaa_Funchalin_kauppahallissa_Madeiralla.jpg\" alt=\"Raija Kytt\u00e4l\u00e4 &#8211; Syv\u00e4n meren kalaa Funchalin kauppahallissa Madeiralla\" \/>\n                                <h3>Raija Kytt\u00e4l\u00e4 &#8211; Syv\u00e4n meren kalaa Funchalin kauppahallissa Madeiralla<\/h3>\n                            <\/a>\n                        <\/div>\n                    <\/div>\n                                        <div class=\"sgwf_c2tw_item all 2507-raaka \">\n                        <div class=\"sgwf_c2tw_iteminr\">\n                            <a href=\"https:\/\/naseva.com\/wp\/wp-content\/uploads\/2025\/08\/03083-31.jpg\" title=\"Jari Hakala &#8211; Raakapuomit\" class=\"sgwf_lb\">\n                                <img decoding=\"async\" src=\"https:\/\/naseva.com\/wp\/wp-content\/uploads\/2025\/08\/03083-31.jpg\" alt=\"Jari Hakala &#8211; Raakapuomit\" \/>\n                                <h3>Jari Hakala &#8211; Raakapuomit<\/h3>\n                            <\/a>\n                        <\/div>\n                    <\/div>\n                                        <div class=\"sgwf_c2tw_item all 2507-raaka \">\n                        <div class=\"sgwf_c2tw_iteminr\">\n                            <a href=\"https:\/\/naseva.com\/wp\/wp-content\/uploads\/2025\/08\/Tomaatit.jpg\" title=\"Maiju Roos &#8211; Tomaatit\" class=\"sgwf_lb\">\n                                <img decoding=\"async\" src=\"https:\/\/naseva.com\/wp\/wp-content\/uploads\/2025\/08\/Tomaatit.jpg\" alt=\"Maiju Roos &#8211; Tomaatit\" \/>\n                                <h3>Maiju Roos &#8211; Tomaatit<\/h3>\n                            <\/a>\n                        <\/div>\n                    <\/div>\n                                        <div class=\"sgwf_c2tw_item all 2507-raaka \">\n                        <div class=\"sgwf_c2tw_iteminr\">\n                            <a href=\"https:\/\/naseva.com\/wp\/wp-content\/uploads\/2025\/08\/Ei-viela-kypsaa.jpg\" title=\"Arja Karvonen &#8211; Ei viel\u00e4 kyps\u00e4\u00e4\" class=\"sgwf_lb\">\n                                <img decoding=\"async\" src=\"https:\/\/naseva.com\/wp\/wp-content\/uploads\/2025\/08\/Ei-viela-kypsaa.jpg\" alt=\"Arja Karvonen &#8211; Ei viel\u00e4 kyps\u00e4\u00e4\" \/>\n                                <h3>Arja Karvonen &#8211; Ei viel\u00e4 kyps\u00e4\u00e4<\/h3>\n                            <\/a>\n                        <\/div>\n                    <\/div>\n                                <\/div>\n            <div class=\"sgwf_clear\"><\/div>\n            \n        <\/div>\n        \n        <div class=\"sgwf-pagination\">\n                <\/div>\n    <\/div>\n    <\/strong><\/p>\n","protected":false},"excerpt":{"rendered":"","protected":false},"author":1,"featured_media":0,"parent":0,"menu_order":0,"comment_status":"closed","ping_status":"closed","template":"","meta":{"footnotes":""},"class_list":["post-4526","page","type-page","status-publish","czr-hentry"],"_links":{"self":[{"href":"https:\/\/naseva.com\/wp\/wp-json\/wp\/v2\/pages\/4526","targetHints":{"allow":["GET"]}}],"collection":[{"href":"https:\/\/naseva.com\/wp\/wp-json\/wp\/v2\/pages"}],"about":[{"href":"https:\/\/naseva.com\/wp\/wp-json\/wp\/v2\/types\/page"}],"author":[{"embeddable":true,"href":"https:\/\/naseva.com\/wp\/wp-json\/wp\/v2\/users\/1"}],"replies":[{"embeddable":true,"href":"https:\/\/naseva.com\/wp\/wp-json\/wp\/v2\/comments?post=4526"}],"version-history":[{"count":1,"href":"https:\/\/naseva.com\/wp\/wp-json\/wp\/v2\/pages\/4526\/revisions"}],"predecessor-version":[{"id":4527,"href":"https:\/\/naseva.com\/wp\/wp-json\/wp\/v2\/pages\/4526\/revisions\/4527"}],"wp:attachment":[{"href":"https:\/\/naseva.com\/wp\/wp-json\/wp\/v2\/media?parent=4526"}],"curies":[{"name":"wp","href":"https:\/\/api.w.org\/{rel}","templated":true}]}}