{"id":4885,"date":"2026-04-23T07:58:51","date_gmt":"2026-04-23T07:58:51","guid":{"rendered":"https:\/\/naseva.com\/wp\/?page_id=4885"},"modified":"2026-04-23T07:58:51","modified_gmt":"2026-04-23T07:58:51","slug":"naseva-icm-ja-paallekkaisvalotus","status":"publish","type":"page","link":"https:\/\/naseva.com\/wp\/naseva-icm-ja-paallekkaisvalotus\/","title":{"rendered":"NaSeVa &#8211; ICM ja p\u00e4\u00e4llekk\u00e4isvalotus"},"content":{"rendered":"\n<p><strong>    <div class=\"sgwf_come2theweb\" >\n        <div class=\"sgwf_come2thewe_cnt itemwith_col3 \" data-nop=\"10\">\n            \n            <div class=\"loading\"><\/div>\n            <div class=\"sgwf_gallery_items\">\n                                <div class=\"sgwf_c2tw_item all 4877 \">\n                        <div class=\"sgwf_c2tw_iteminr\">\n                            <a href=\"https:\/\/naseva.com\/wp\/wp-content\/uploads\/2026\/04\/DSCN0850.jpg\" title=\"Pirkko Pitk\u00e4nen\" class=\"sgwf_lb\">\n                                <img decoding=\"async\" src=\"https:\/\/naseva.com\/wp\/wp-content\/uploads\/2026\/04\/DSCN0850.jpg\" alt=\"Pirkko Pitk\u00e4nen\" \/>\n                                <h3>Pirkko Pitk\u00e4nen<\/h3>\n                            <\/a>\n                        <\/div>\n                    <\/div>\n                                        <div class=\"sgwf_c2tw_item all 4877 \">\n                        <div class=\"sgwf_c2tw_iteminr\">\n                            <a href=\"https:\/\/naseva.com\/wp\/wp-content\/uploads\/2026\/04\/ICM-Viimeiset-sateet.jpg\" title=\"Arja Karvonen &#8211; Viimeiset s\u00e4teet\" class=\"sgwf_lb\">\n                                <img decoding=\"async\" src=\"https:\/\/naseva.com\/wp\/wp-content\/uploads\/2026\/04\/ICM-Viimeiset-sateet.jpg\" alt=\"Arja Karvonen &#8211; Viimeiset s\u00e4teet\" \/>\n                                <h3>Arja Karvonen &#8211; Viimeiset s\u00e4teet<\/h3>\n                            <\/a>\n                        <\/div>\n                    <\/div>\n                                        <div class=\"sgwf_c2tw_item all 4877 \">\n                        <div class=\"sgwf_c2tw_iteminr\">\n                            <a href=\"https:\/\/naseva.com\/wp\/wp-content\/uploads\/2026\/04\/Maija-Mantyvaara.jpg\" title=\"Maija M\u00e4ntyvaara\" class=\"sgwf_lb\">\n                                <img decoding=\"async\" src=\"https:\/\/naseva.com\/wp\/wp-content\/uploads\/2026\/04\/Maija-Mantyvaara.jpg\" alt=\"Maija M\u00e4ntyvaara\" \/>\n                                <h3>Maija M\u00e4ntyvaara<\/h3>\n                            <\/a>\n                        <\/div>\n                    <\/div>\n                                        <div class=\"sgwf_c2tw_item all 4877 \">\n                        <div class=\"sgwf_c2tw_iteminr\">\n                            <a href=\"https:\/\/naseva.com\/wp\/wp-content\/uploads\/2026\/04\/mia_ronka.jpg\" title=\"Mia R\u00f6nk\u00e4\" class=\"sgwf_lb\">\n                                <img decoding=\"async\" src=\"https:\/\/naseva.com\/wp\/wp-content\/uploads\/2026\/04\/mia_ronka.jpg\" alt=\"Mia R\u00f6nk\u00e4\" \/>\n                                <h3>Mia R\u00f6nk\u00e4<\/h3>\n                            <\/a>\n                        <\/div>\n                    <\/div>\n                                        <div class=\"sgwf_c2tw_item all 4877 \">\n                        <div class=\"sgwf_c2tw_iteminr\">\n                            <a href=\"https:\/\/naseva.com\/wp\/wp-content\/uploads\/2026\/04\/Paallekkaisvalotus3_Maiju.jpg\" title=\"Maiju Roos\" class=\"sgwf_lb\">\n                                <img decoding=\"async\" src=\"https:\/\/naseva.com\/wp\/wp-content\/uploads\/2026\/04\/Paallekkaisvalotus3_Maiju.jpg\" alt=\"Maiju Roos\" \/>\n                                <h3>Maiju Roos<\/h3>\n                            <\/a>\n                        <\/div>\n                    <\/div>\n                                        <div class=\"sgwf_c2tw_item all 4877 \">\n                        <div class=\"sgwf_c2tw_iteminr\">\n                            <a href=\"https:\/\/naseva.com\/wp\/wp-content\/uploads\/2026\/04\/Tanssi.jpg\" title=\"Kari Laine &#8211; Tanssi\" class=\"sgwf_lb\">\n                                <img decoding=\"async\" src=\"https:\/\/naseva.com\/wp\/wp-content\/uploads\/2026\/04\/Tanssi.jpg\" alt=\"Kari Laine &#8211; Tanssi\" \/>\n                                <h3>Kari Laine &#8211; Tanssi<\/h3>\n                            <\/a>\n                        <\/div>\n                    <\/div>\n                                        <div class=\"sgwf_c2tw_item all 4877 \">\n                        <div class=\"sgwf_c2tw_iteminr\">\n                            <a href=\"https:\/\/naseva.com\/wp\/wp-content\/uploads\/2026\/04\/Vihreaa-kaksoisvalotus.jpg\" title=\"Tanja Lepist\u00f6 &#8211; Vihre\u00e4\u00e4, kaksoisvalotus\" class=\"sgwf_lb\">\n                                <img decoding=\"async\" src=\"https:\/\/naseva.com\/wp\/wp-content\/uploads\/2026\/04\/Vihreaa-kaksoisvalotus.jpg\" alt=\"Tanja Lepist\u00f6 &#8211; Vihre\u00e4\u00e4, kaksoisvalotus\" \/>\n                                <h3>Tanja Lepist\u00f6 &#8211; Vihre\u00e4\u00e4, kaksoisvalotus<\/h3>\n                            <\/a>\n                        <\/div>\n                    <\/div>\n                                <\/div>\n            <div class=\"sgwf_clear\"><\/div>\n            \n        <\/div>\n        \n        <div class=\"sgwf-pagination\">\n                <\/div>\n    <\/div>\n    <\/strong><\/p>\n","protected":false},"excerpt":{"rendered":"","protected":false},"author":1,"featured_media":0,"parent":0,"menu_order":0,"comment_status":"closed","ping_status":"closed","template":"","meta":{"footnotes":""},"class_list":["post-4885","page","type-page","status-publish","czr-hentry"],"_links":{"self":[{"href":"https:\/\/naseva.com\/wp\/wp-json\/wp\/v2\/pages\/4885","targetHints":{"allow":["GET"]}}],"collection":[{"href":"https:\/\/naseva.com\/wp\/wp-json\/wp\/v2\/pages"}],"about":[{"href":"https:\/\/naseva.com\/wp\/wp-json\/wp\/v2\/types\/page"}],"author":[{"embeddable":true,"href":"https:\/\/naseva.com\/wp\/wp-json\/wp\/v2\/users\/1"}],"replies":[{"embeddable":true,"href":"https:\/\/naseva.com\/wp\/wp-json\/wp\/v2\/comments?post=4885"}],"version-history":[{"count":1,"href":"https:\/\/naseva.com\/wp\/wp-json\/wp\/v2\/pages\/4885\/revisions"}],"predecessor-version":[{"id":4886,"href":"https:\/\/naseva.com\/wp\/wp-json\/wp\/v2\/pages\/4885\/revisions\/4886"}],"wp:attachment":[{"href":"https:\/\/naseva.com\/wp\/wp-json\/wp\/v2\/media?parent=4885"}],"curies":[{"name":"wp","href":"https:\/\/api.w.org\/{rel}","templated":true}]}}