{"id":4920,"date":"2026-05-02T11:06:32","date_gmt":"2026-05-02T11:06:32","guid":{"rendered":"https:\/\/naseva.com\/wp\/?page_id=4920"},"modified":"2026-05-02T11:06:32","modified_gmt":"2026-05-02T11:06:32","slug":"2026-huhtikuu-virta-joki","status":"publish","type":"page","link":"https:\/\/naseva.com\/wp\/2026-huhtikuu-virta-joki\/","title":{"rendered":"2026 huhtikuu &#8211; Virta\/joki"},"content":{"rendered":"\n<p><strong>    <div class=\"sgwf_come2theweb\" >\n        <div class=\"sgwf_come2thewe_cnt itemwith_col3 \" data-nop=\"10\">\n            \n            <div class=\"loading\"><\/div>\n            <div class=\"sgwf_gallery_items\">\n                                <div class=\"sgwf_c2tw_item all huhtikuu-2026-joki-virta \">\n                        <div class=\"sgwf_c2tw_iteminr\">\n                            <a href=\"https:\/\/naseva.com\/wp\/wp-content\/uploads\/2026\/05\/DSC8991_edited-1.jpg\" title=\"TImo Karisto\" class=\"sgwf_lb\">\n                                <img decoding=\"async\" src=\"https:\/\/naseva.com\/wp\/wp-content\/uploads\/2026\/05\/DSC8991_edited-1.jpg\" alt=\"TImo Karisto\" \/>\n                                <h3>TImo Karisto<\/h3>\n                            <\/a>\n                        <\/div>\n                    <\/div>\n                                        <div class=\"sgwf_c2tw_item all huhtikuu-2026-joki-virta \">\n                        <div class=\"sgwf_c2tw_iteminr\">\n                            <a href=\"https:\/\/naseva.com\/wp\/wp-content\/uploads\/2026\/05\/230206-028.jpg\" title=\"Jari Hakala\" class=\"sgwf_lb\">\n                                <img decoding=\"async\" src=\"https:\/\/naseva.com\/wp\/wp-content\/uploads\/2026\/05\/230206-028.jpg\" alt=\"Jari Hakala\" \/>\n                                <h3>Jari Hakala<\/h3>\n                            <\/a>\n                        <\/div>\n                    <\/div>\n                                        <div class=\"sgwf_c2tw_item all huhtikuu-2026-joki-virta \">\n                        <div class=\"sgwf_c2tw_iteminr\">\n                            <a href=\"https:\/\/naseva.com\/wp\/wp-content\/uploads\/2026\/05\/DSC_9132-copy.jpg\" title=\"Ky\u00f6sti Pitk\u00e4nen\" class=\"sgwf_lb\">\n                                <img decoding=\"async\" src=\"https:\/\/naseva.com\/wp\/wp-content\/uploads\/2026\/05\/DSC_9132-copy.jpg\" alt=\"Ky\u00f6sti Pitk\u00e4nen\" \/>\n                                <h3>Ky\u00f6sti Pitk\u00e4nen<\/h3>\n                            <\/a>\n                        <\/div>\n                    <\/div>\n                                        <div class=\"sgwf_c2tw_item all huhtikuu-2026-joki-virta \">\n                        <div class=\"sgwf_c2tw_iteminr\">\n                            <a href=\"https:\/\/naseva.com\/wp\/wp-content\/uploads\/2026\/05\/Nautelan-jokimaisemaa.jpg\" title=\"Arja Karvonen &#8211; Nautelan jokimaisemaa\" class=\"sgwf_lb\">\n                                <img decoding=\"async\" src=\"https:\/\/naseva.com\/wp\/wp-content\/uploads\/2026\/05\/Nautelan-jokimaisemaa.jpg\" alt=\"Arja Karvonen &#8211; Nautelan jokimaisemaa\" \/>\n                                <h3>Arja Karvonen &#8211; Nautelan jokimaisemaa<\/h3>\n                            <\/a>\n                        <\/div>\n                    <\/div>\n                                        <div class=\"sgwf_c2tw_item all huhtikuu-2026-joki-virta \">\n                        <div class=\"sgwf_c2tw_iteminr\">\n                            <a href=\"https:\/\/naseva.com\/wp\/wp-content\/uploads\/2026\/05\/Virtaava-vesi.jpg\" title=\"Tanja Lepist\u00f6 &#8211; Virtaava vesi\" class=\"sgwf_lb\">\n                                <img decoding=\"async\" src=\"https:\/\/naseva.com\/wp\/wp-content\/uploads\/2026\/05\/Virtaava-vesi.jpg\" alt=\"Tanja Lepist\u00f6 &#8211; Virtaava vesi\" \/>\n                                <h3>Tanja Lepist\u00f6 &#8211; Virtaava vesi<\/h3>\n                            <\/a>\n                        <\/div>\n                    <\/div>\n                                        <div class=\"sgwf_c2tw_item all huhtikuu-2026-joki-virta \">\n                        <div class=\"sgwf_c2tw_iteminr\">\n                            <a href=\"https:\/\/naseva.com\/wp\/wp-content\/uploads\/2026\/05\/Virta-m-S-Ekko.jpg\" title=\"Sakari Ekko &#8211; Pieni mies, pieni virta &#8211; iso ilo\" class=\"sgwf_lb\">\n                                <img decoding=\"async\" src=\"https:\/\/naseva.com\/wp\/wp-content\/uploads\/2026\/05\/Virta-m-S-Ekko.jpg\" alt=\"Sakari Ekko &#8211; Pieni mies, pieni virta &#8211; iso ilo\" \/>\n                                <h3>Sakari Ekko &#8211; Pieni mies, pieni virta &#8211; iso ilo<\/h3>\n                            <\/a>\n                        <\/div>\n                    <\/div>\n                                        <div class=\"sgwf_c2tw_item all huhtikuu-2026-joki-virta \">\n                        <div class=\"sgwf_c2tw_iteminr\">\n                            <a href=\"https:\/\/naseva.com\/wp\/wp-content\/uploads\/2026\/05\/River.jpg\" title=\"Heikki Junnila &#8211; River\" class=\"sgwf_lb\">\n                                <img decoding=\"async\" src=\"https:\/\/naseva.com\/wp\/wp-content\/uploads\/2026\/05\/River.jpg\" alt=\"Heikki Junnila &#8211; River\" \/>\n                                <h3>Heikki Junnila &#8211; River<\/h3>\n                            <\/a>\n                        <\/div>\n                    <\/div>\n                                        <div class=\"sgwf_c2tw_item all huhtikuu-2026-joki-virta \">\n                        <div class=\"sgwf_c2tw_iteminr\">\n                            <a href=\"https:\/\/naseva.com\/wp\/wp-content\/uploads\/2026\/05\/Latokartanonkoski.jpg\" title=\"Jorma Kytt\u00e4l\u00e4 &#8211; Latokartanonkoski\" class=\"sgwf_lb\">\n                                <img decoding=\"async\" src=\"https:\/\/naseva.com\/wp\/wp-content\/uploads\/2026\/05\/Latokartanonkoski.jpg\" alt=\"Jorma Kytt\u00e4l\u00e4 &#8211; Latokartanonkoski\" \/>\n                                <h3>Jorma Kytt\u00e4l\u00e4 &#8211; Latokartanonkoski<\/h3>\n                            <\/a>\n                        <\/div>\n                    <\/div>\n                                        <div class=\"sgwf_c2tw_item all huhtikuu-2026-joki-virta \">\n                        <div class=\"sgwf_c2tw_iteminr\">\n                            <a href=\"https:\/\/naseva.com\/wp\/wp-content\/uploads\/2026\/05\/Jyrava.jpg\" title=\"Raija Kytt\u00e4l\u00e4 &#8211; Jyr\u00e4v\u00e4\" class=\"sgwf_lb\">\n                                <img decoding=\"async\" src=\"https:\/\/naseva.com\/wp\/wp-content\/uploads\/2026\/05\/Jyrava.jpg\" alt=\"Raija Kytt\u00e4l\u00e4 &#8211; Jyr\u00e4v\u00e4\" \/>\n                                <h3>Raija Kytt\u00e4l\u00e4 &#8211; Jyr\u00e4v\u00e4<\/h3>\n                            <\/a>\n                        <\/div>\n                    <\/div>\n                                        <div class=\"sgwf_c2tw_item all huhtikuu-2026-joki-virta \">\n                        <div class=\"sgwf_c2tw_iteminr\">\n                            <a href=\"https:\/\/naseva.com\/wp\/wp-content\/uploads\/2026\/05\/DSCN1980-copy.jpg\" title=\"Pirkko Pitk\u00e4nen\" class=\"sgwf_lb\">\n                                <img decoding=\"async\" src=\"https:\/\/naseva.com\/wp\/wp-content\/uploads\/2026\/05\/DSCN1980-copy.jpg\" alt=\"Pirkko Pitk\u00e4nen\" \/>\n                                <h3>Pirkko Pitk\u00e4nen<\/h3>\n                            <\/a>\n                        <\/div>\n                    <\/div>\n                                <\/div>\n            <div class=\"sgwf_clear\"><\/div>\n            \n        <\/div>\n        \n        <div class=\"sgwf-pagination\">\n                <\/div>\n    <\/div>\n    <\/strong><\/p>\n","protected":false},"excerpt":{"rendered":"","protected":false},"author":1,"featured_media":0,"parent":0,"menu_order":0,"comment_status":"closed","ping_status":"closed","template":"","meta":{"footnotes":""},"class_list":["post-4920","page","type-page","status-publish","czr-hentry"],"_links":{"self":[{"href":"https:\/\/naseva.com\/wp\/wp-json\/wp\/v2\/pages\/4920","targetHints":{"allow":["GET"]}}],"collection":[{"href":"https:\/\/naseva.com\/wp\/wp-json\/wp\/v2\/pages"}],"about":[{"href":"https:\/\/naseva.com\/wp\/wp-json\/wp\/v2\/types\/page"}],"author":[{"embeddable":true,"href":"https:\/\/naseva.com\/wp\/wp-json\/wp\/v2\/users\/1"}],"replies":[{"embeddable":true,"href":"https:\/\/naseva.com\/wp\/wp-json\/wp\/v2\/comments?post=4920"}],"version-history":[{"count":1,"href":"https:\/\/naseva.com\/wp\/wp-json\/wp\/v2\/pages\/4920\/revisions"}],"predecessor-version":[{"id":4921,"href":"https:\/\/naseva.com\/wp\/wp-json\/wp\/v2\/pages\/4920\/revisions\/4921"}],"wp:attachment":[{"href":"https:\/\/naseva.com\/wp\/wp-json\/wp\/v2\/media?parent=4920"}],"curies":[{"name":"wp","href":"https:\/\/api.w.org\/{rel}","templated":true}]}}